{"id":54,"date":"2022-08-24T13:47:21","date_gmt":"2022-08-24T13:47:21","guid":{"rendered":"http:\/\/mobido.com.tr\/?page_id=54"},"modified":"2022-08-30T06:33:37","modified_gmt":"2022-08-30T06:33:37","slug":"mobilya","status":"publish","type":"page","link":"https:\/\/mobido.com.tr\/?page_id=54","title":{"rendered":"Mobilya"},"content":{"rendered":"\n<div class=\"wp-block-buttons is-content-justification-center is-layout-flex wp-container-core-buttons-is-layout-16018d1d wp-block-buttons-is-layout-flex\">\n<div class=\"wp-block-button has-custom-font-size is-style-fill has-medium-font-size\"><a class=\"wp-block-button__link has-black-color has-cyan-bluish-gray-background-color has-text-color has-background\" href=\"https:\/\/mobido.com.tr\/?page_id=105\" style=\"border-radius:26px\" target=\"_blank\" rel=\"noreferrer noopener\"><strong>Koltuk Tak\u0131mlar\u0131<\/strong><\/a><\/div>\n\n\n\n<div class=\"wp-block-button has-custom-font-size is-style-fill has-medium-font-size\"><a class=\"wp-block-button__link has-black-color has-cyan-bluish-gray-background-color has-text-color has-background\" href=\"https:\/\/mobido.com.tr\/?page_id=106\" style=\"border-radius:26px\" target=\"_blank\" rel=\"noreferrer noopener\"><strong>Yatak Odas\u0131 Tak\u0131mlar\u0131<\/strong><\/a><\/div>\n\n\n\n<div class=\"wp-block-button has-custom-font-size is-style-fill has-medium-font-size\"><a class=\"wp-block-button__link has-black-color has-cyan-bluish-gray-background-color has-text-color has-background\" href=\"https:\/\/mobido.com.tr\/?page_id=107\" style=\"border-radius:26px\" target=\"_blank\" rel=\"noreferrer noopener\"><strong>Yemek Odas\u0131 Tak\u0131mlar\u0131<\/strong><\/a><\/div>\n\n\n\n<div class=\"wp-block-button has-custom-font-size is-style-fill has-medium-font-size\"><a class=\"wp-block-button__link has-black-color has-cyan-bluish-gray-background-color has-text-color has-background\" href=\"https:\/\/mobido.com.tr\/?page_id=108\" style=\"border-radius:26px\" target=\"_blank\" rel=\"noreferrer noopener\"><strong>Baza &#8211; Yataklar<\/strong><\/a><\/div>\n\n\n\n<div class=\"wp-block-button has-custom-font-size is-style-fill has-medium-font-size\"><a class=\"wp-block-button__link has-black-color has-cyan-bluish-gray-background-color has-text-color has-background\" href=\"https:\/\/mobido.com.tr\/?page_id=111\" style=\"border-radius:26px\" target=\"_blank\" rel=\"noreferrer noopener\"><strong>TV \u00dcniteleri<\/strong><\/a><\/div>\n\n\n\n<div class=\"wp-block-button has-custom-font-size is-style-fill has-medium-font-size\"><a class=\"wp-block-button__link has-black-color has-cyan-bluish-gray-background-color has-text-color has-background\" href=\"https:\/\/mobido.com.tr\/?page_id=112\" style=\"border-radius:26px\" target=\"_blank\" rel=\"noreferrer noopener\"><strong>\u00c7ay Seti &#8211; Balkon Oturma Gruplar\u0131<\/strong><\/a><\/div>\n<\/div>\n\n\n\n<p><\/p>\n\n\n\n<figure class=\"wp-block-gallery has-nested-images columns-default is-cropped wp-block-gallery-1 is-layout-flex wp-block-gallery-is-layout-flex\">\n<figure class=\"wp-block-image size-large\"><img loading=\"lazy\" decoding=\"async\" width=\"768\" height=\"1024\" data-id=\"250\" src=\"https:\/\/mobido.com.tr\/wp-content\/uploads\/2022\/08\/WhatsApp-Image-2022-08-20-at-14.09.30-1-768x1024.jpeg\" alt=\"\" class=\"wp-image-250\" srcset=\"https:\/\/mobido.com.tr\/wp-content\/uploads\/2022\/08\/WhatsApp-Image-2022-08-20-at-14.09.30-1-768x1024.jpeg 768w, https:\/\/mobido.com.tr\/wp-content\/uploads\/2022\/08\/WhatsApp-Image-2022-08-20-at-14.09.30-1-225x300.jpeg 225w, https:\/\/mobido.com.tr\/wp-content\/uploads\/2022\/08\/WhatsApp-Image-2022-08-20-at-14.09.30-1-1152x1536.jpeg 1152w, https:\/\/mobido.com.tr\/wp-content\/uploads\/2022\/08\/WhatsApp-Image-2022-08-20-at-14.09.30-1-150x200.jpeg 150w, https:\/\/mobido.com.tr\/wp-content\/uploads\/2022\/08\/WhatsApp-Image-2022-08-20-at-14.09.30-1.jpeg 1536w\" sizes=\"auto, (max-width: 768px) 100vw, 768px\" \/><\/figure>\n\n\n\n<figure class=\"wp-block-image size-large\"><img loading=\"lazy\" decoding=\"async\" width=\"768\" height=\"1024\" data-id=\"251\" src=\"https:\/\/mobido.com.tr\/wp-content\/uploads\/2022\/08\/WhatsApp-Image-2022-08-20-at-14.09.30-2-768x1024.jpeg\" alt=\"\" class=\"wp-image-251\" srcset=\"https:\/\/mobido.com.tr\/wp-content\/uploads\/2022\/08\/WhatsApp-Image-2022-08-20-at-14.09.30-2-768x1024.jpeg 768w, https:\/\/mobido.com.tr\/wp-content\/uploads\/2022\/08\/WhatsApp-Image-2022-08-20-at-14.09.30-2-225x300.jpeg 225w, https:\/\/mobido.com.tr\/wp-content\/uploads\/2022\/08\/WhatsApp-Image-2022-08-20-at-14.09.30-2-1152x1536.jpeg 1152w, https:\/\/mobido.com.tr\/wp-content\/uploads\/2022\/08\/WhatsApp-Image-2022-08-20-at-14.09.30-2-150x200.jpeg 150w, https:\/\/mobido.com.tr\/wp-content\/uploads\/2022\/08\/WhatsApp-Image-2022-08-20-at-14.09.30-2.jpeg 1536w\" sizes=\"auto, (max-width: 768px) 100vw, 768px\" \/><\/figure>\n\n\n\n<figure class=\"wp-block-image size-large\"><img loading=\"lazy\" decoding=\"async\" width=\"768\" height=\"1024\" data-id=\"252\" src=\"https:\/\/mobido.com.tr\/wp-content\/uploads\/2022\/08\/WhatsApp-Image-2022-08-20-at-14.09.30-768x1024.jpeg\" alt=\"\" class=\"wp-image-252\" srcset=\"https:\/\/mobido.com.tr\/wp-content\/uploads\/2022\/08\/WhatsApp-Image-2022-08-20-at-14.09.30-768x1024.jpeg 768w, https:\/\/mobido.com.tr\/wp-content\/uploads\/2022\/08\/WhatsApp-Image-2022-08-20-at-14.09.30-225x300.jpeg 225w, https:\/\/mobido.com.tr\/wp-content\/uploads\/2022\/08\/WhatsApp-Image-2022-08-20-at-14.09.30-1152x1536.jpeg 1152w, https:\/\/mobido.com.tr\/wp-content\/uploads\/2022\/08\/WhatsApp-Image-2022-08-20-at-14.09.30-150x200.jpeg 150w, https:\/\/mobido.com.tr\/wp-content\/uploads\/2022\/08\/WhatsApp-Image-2022-08-20-at-14.09.30.jpeg 1536w\" sizes=\"auto, (max-width: 768px) 100vw, 768px\" \/><\/figure>\n<\/figure>\n\n\n\n<p><\/p>\n\n\n\n<figure class=\"wp-block-gallery has-nested-images columns-default is-cropped wp-block-gallery-2 is-layout-flex wp-block-gallery-is-layout-flex\">\n<figure class=\"wp-block-image size-large\"><img loading=\"lazy\" decoding=\"async\" width=\"753\" height=\"753\" data-id=\"257\" src=\"https:\/\/mobido.com.tr\/wp-content\/uploads\/2022\/08\/Screenshot-2022-08-23-at-10-47-22-ERDONMEZ-Ev-Mobilyalari-@erdonmezhome-\u2022-Instagram-fotograflari-ve-videolari.png\" alt=\"\" class=\"wp-image-257\" srcset=\"https:\/\/mobido.com.tr\/wp-content\/uploads\/2022\/08\/Screenshot-2022-08-23-at-10-47-22-ERDONMEZ-Ev-Mobilyalari-@erdonmezhome-\u2022-Instagram-fotograflari-ve-videolari.png 753w, https:\/\/mobido.com.tr\/wp-content\/uploads\/2022\/08\/Screenshot-2022-08-23-at-10-47-22-ERDONMEZ-Ev-Mobilyalari-@erdonmezhome-\u2022-Instagram-fotograflari-ve-videolari-300x300.png 300w, https:\/\/mobido.com.tr\/wp-content\/uploads\/2022\/08\/Screenshot-2022-08-23-at-10-47-22-ERDONMEZ-Ev-Mobilyalari-@erdonmezhome-\u2022-Instagram-fotograflari-ve-videolari-150x150.png 150w, https:\/\/mobido.com.tr\/wp-content\/uploads\/2022\/08\/Screenshot-2022-08-23-at-10-47-22-ERDONMEZ-Ev-Mobilyalari-@erdonmezhome-\u2022-Instagram-fotograflari-ve-videolari-200x200.png 200w\" sizes=\"auto, (max-width: 753px) 100vw, 753px\" \/><\/figure>\n\n\n\n<figure class=\"wp-block-image size-large\"><img loading=\"lazy\" decoding=\"async\" width=\"753\" height=\"753\" data-id=\"256\" src=\"https:\/\/mobido.com.tr\/wp-content\/uploads\/2022\/08\/Screenshot-2022-08-23-at-10-47-30-ERDONMEZ-Ev-Mobilyalari-@erdonmezhome-\u2022-Instagram-fotograflari-ve-videolari.png\" alt=\"\" class=\"wp-image-256\" srcset=\"https:\/\/mobido.com.tr\/wp-content\/uploads\/2022\/08\/Screenshot-2022-08-23-at-10-47-30-ERDONMEZ-Ev-Mobilyalari-@erdonmezhome-\u2022-Instagram-fotograflari-ve-videolari.png 753w, https:\/\/mobido.com.tr\/wp-content\/uploads\/2022\/08\/Screenshot-2022-08-23-at-10-47-30-ERDONMEZ-Ev-Mobilyalari-@erdonmezhome-\u2022-Instagram-fotograflari-ve-videolari-300x300.png 300w, https:\/\/mobido.com.tr\/wp-content\/uploads\/2022\/08\/Screenshot-2022-08-23-at-10-47-30-ERDONMEZ-Ev-Mobilyalari-@erdonmezhome-\u2022-Instagram-fotograflari-ve-videolari-150x150.png 150w, https:\/\/mobido.com.tr\/wp-content\/uploads\/2022\/08\/Screenshot-2022-08-23-at-10-47-30-ERDONMEZ-Ev-Mobilyalari-@erdonmezhome-\u2022-Instagram-fotograflari-ve-videolari-200x200.png 200w\" sizes=\"auto, (max-width: 753px) 100vw, 753px\" \/><\/figure>\n\n\n\n<figure class=\"wp-block-image size-large\"><img loading=\"lazy\" decoding=\"async\" width=\"1024\" height=\"768\" data-id=\"258\" src=\"https:\/\/mobido.com.tr\/wp-content\/uploads\/2022\/08\/WhatsApp-Image-2022-08-20-at-14.13.09-1024x768.jpeg\" alt=\"\" class=\"wp-image-258\" srcset=\"https:\/\/mobido.com.tr\/wp-content\/uploads\/2022\/08\/WhatsApp-Image-2022-08-20-at-14.13.09-1024x768.jpeg 1024w, https:\/\/mobido.com.tr\/wp-content\/uploads\/2022\/08\/WhatsApp-Image-2022-08-20-at-14.13.09-300x225.jpeg 300w, https:\/\/mobido.com.tr\/wp-content\/uploads\/2022\/08\/WhatsApp-Image-2022-08-20-at-14.13.09-768x576.jpeg 768w, https:\/\/mobido.com.tr\/wp-content\/uploads\/2022\/08\/WhatsApp-Image-2022-08-20-at-14.13.09-1536x1152.jpeg 1536w, https:\/\/mobido.com.tr\/wp-content\/uploads\/2022\/08\/WhatsApp-Image-2022-08-20-at-14.13.09-200x150.jpeg 200w, https:\/\/mobido.com.tr\/wp-content\/uploads\/2022\/08\/WhatsApp-Image-2022-08-20-at-14.13.09.jpeg 2048w\" sizes=\"auto, (max-width: 1024px) 100vw, 1024px\" \/><\/figure>\n\n\n\n<figure class=\"wp-block-image size-large\"><img loading=\"lazy\" decoding=\"async\" width=\"768\" height=\"1024\" data-id=\"254\" src=\"https:\/\/mobido.com.tr\/wp-content\/uploads\/2022\/08\/WhatsApp-Image-2022-08-20-at-14.13.10-768x1024.jpeg\" alt=\"\" class=\"wp-image-254\" srcset=\"https:\/\/mobido.com.tr\/wp-content\/uploads\/2022\/08\/WhatsApp-Image-2022-08-20-at-14.13.10-768x1024.jpeg 768w, https:\/\/mobido.com.tr\/wp-content\/uploads\/2022\/08\/WhatsApp-Image-2022-08-20-at-14.13.10-225x300.jpeg 225w, https:\/\/mobido.com.tr\/wp-content\/uploads\/2022\/08\/WhatsApp-Image-2022-08-20-at-14.13.10-1152x1536.jpeg 1152w, https:\/\/mobido.com.tr\/wp-content\/uploads\/2022\/08\/WhatsApp-Image-2022-08-20-at-14.13.10-150x200.jpeg 150w, https:\/\/mobido.com.tr\/wp-content\/uploads\/2022\/08\/WhatsApp-Image-2022-08-20-at-14.13.10.jpeg 1536w\" sizes=\"auto, (max-width: 768px) 100vw, 768px\" \/><\/figure>\n<\/figure>\n","protected":false},"excerpt":{"rendered":"","protected":false},"author":1,"featured_media":0,"parent":0,"menu_order":0,"comment_status":"closed","ping_status":"closed","template":"full-width.php","meta":{"footnotes":""},"class_list":["post-54","page","type-page","status-publish","hentry","entry"],"_links":{"self":[{"href":"https:\/\/mobido.com.tr\/index.php?rest_route=\/wp\/v2\/pages\/54","targetHints":{"allow":["GET"]}}],"collection":[{"href":"https:\/\/mobido.com.tr\/index.php?rest_route=\/wp\/v2\/pages"}],"about":[{"href":"https:\/\/mobido.com.tr\/index.php?rest_route=\/wp\/v2\/types\/page"}],"author":[{"embeddable":true,"href":"https:\/\/mobido.com.tr\/index.php?rest_route=\/wp\/v2\/users\/1"}],"replies":[{"embeddable":true,"href":"https:\/\/mobido.com.tr\/index.php?rest_route=%2Fwp%2Fv2%2Fcomments&post=54"}],"version-history":[{"count":8,"href":"https:\/\/mobido.com.tr\/index.php?rest_route=\/wp\/v2\/pages\/54\/revisions"}],"predecessor-version":[{"id":533,"href":"https:\/\/mobido.com.tr\/index.php?rest_route=\/wp\/v2\/pages\/54\/revisions\/533"}],"wp:attachment":[{"href":"https:\/\/mobido.com.tr\/index.php?rest_route=%2Fwp%2Fv2%2Fmedia&parent=54"}],"curies":[{"name":"wp","href":"https:\/\/api.w.org\/{rel}","templated":true}]}}