{"id":902,"date":"2025-01-12T20:40:13","date_gmt":"2025-01-12T17:40:13","guid":{"rendered":"https:\/\/mobido.com.tr\/?page_id=902"},"modified":"2025-02-09T18:59:57","modified_gmt":"2025-02-09T15:59:57","slug":"mobilya-kampanya","status":"publish","type":"page","link":"https:\/\/mobido.com.tr\/?page_id=902","title":{"rendered":"Mobilya Kampanya"},"content":{"rendered":"\n<p>Sayfa yay\u0131na haz\u0131rlanmaktad\u0131r&#8230; <\/p>\n","protected":false},"excerpt":{"rendered":"<p>Sayfa yay\u0131na haz\u0131rlanmaktad\u0131r&#8230;<\/p>\n","protected":false},"author":1,"featured_media":0,"parent":0,"menu_order":0,"comment_status":"closed","ping_status":"closed","template":"","meta":{"footnotes":""},"class_list":["post-902","page","type-page","status-publish","hentry","entry"],"_links":{"self":[{"href":"https:\/\/mobido.com.tr\/index.php?rest_route=\/wp\/v2\/pages\/902","targetHints":{"allow":["GET"]}}],"collection":[{"href":"https:\/\/mobido.com.tr\/index.php?rest_route=\/wp\/v2\/pages"}],"about":[{"href":"https:\/\/mobido.com.tr\/index.php?rest_route=\/wp\/v2\/types\/page"}],"author":[{"embeddable":true,"href":"https:\/\/mobido.com.tr\/index.php?rest_route=\/wp\/v2\/users\/1"}],"replies":[{"embeddable":true,"href":"https:\/\/mobido.com.tr\/index.php?rest_route=%2Fwp%2Fv2%2Fcomments&post=902"}],"version-history":[{"count":2,"href":"https:\/\/mobido.com.tr\/index.php?rest_route=\/wp\/v2\/pages\/902\/revisions"}],"predecessor-version":[{"id":925,"href":"https:\/\/mobido.com.tr\/index.php?rest_route=\/wp\/v2\/pages\/902\/revisions\/925"}],"wp:attachment":[{"href":"https:\/\/mobido.com.tr\/index.php?rest_route=%2Fwp%2Fv2%2Fmedia&parent=902"}],"curies":[{"name":"wp","href":"https:\/\/api.w.org\/{rel}","templated":true}]}}